{"id":13569,"date":"2023-04-16T17:32:01","date_gmt":"2023-04-16T16:32:01","guid":{"rendered":"https:\/\/ndemo.fgygraphics.com\/?page_id=13569"},"modified":"2024-08-03T21:50:33","modified_gmt":"2024-08-03T20:50:33","slug":"purest-richest-omega3-2-2","status":"publish","type":"page","link":"https:\/\/ndemo.fgygraphics.com\/it\/","title":{"rendered":"Purest &#038; Richest Omega3"},"content":{"rendered":"","protected":false},"excerpt":{"rendered":"","protected":false},"author":6,"featured_media":0,"parent":0,"menu_order":0,"comment_status":"closed","ping_status":"closed","template":"page_builder.php","meta":{"_acf_changed":false,"inline_featured_image":false,"footnotes":""},"class_list":["post-13569","page","type-page","status-publish","hentry"],"acf":[],"yoast_head":"<!-- This site is optimized with the Yoast SEO plugin v22.7 - https:\/\/yoast.com\/wordpress\/plugins\/seo\/ -->\n<title>Omega-3 Fish Oil &amp; Antarctic Krill Oil |  | Norway Omega[:]<\/title>\n<meta name=\"description\" content=\"The result of over 180 years of Norwegian expertise in refining the purest &amp; richest sustainably sourced wild water omega-3 and Antarctic krill oils. Benefits skin, inflammation, weight loss, kids and cognitive performance\" \/>\n<meta name=\"robots\" content=\"index, follow, max-snippet:-1, max-image-preview:large, max-video-preview:-1\" \/>\n<link rel=\"canonical\" href=\"https:\/\/ndemo.fgygraphics.com\/\" \/>\n<meta property=\"og:locale\" content=\"it_IT\" \/>\n<meta property=\"og:locale:alternate\" content=\"en_GB\" \/>\n<meta property=\"og:locale:alternate\" content=\"de_DE\" \/>\n<meta property=\"og:locale:alternate\" content=\"fr_FR\" \/>\n<meta property=\"og:locale:alternate\" content=\"es_ES\" \/>\n<meta property=\"og:locale:alternate\" content=\"pt_PT\" \/>\n<meta property=\"og:type\" content=\"article\" \/>\n<meta property=\"og:title\" content=\"Norway Omega-3 | Find Norwegian Pure Omega-3\" \/>\n<meta property=\"og:description\" content=\"The result of over 170 years of Norwegian Expertise in refining the purest &amp; richest natural cold water Omega-3 marine oils.\" \/>\n<meta property=\"og:url\" content=\"https:\/\/ndemo.fgygraphics.com\/it\/\" \/>\n<meta property=\"og:site_name\" content=\"Norway Omega3\" \/>\n<meta property=\"article:publisher\" content=\"https:\/\/www.facebook.com\/NORWAYOMEGA\/\" \/>\n<meta property=\"article:modified_time\" content=\"2024-08-03T20:50:33+00:00\" \/>\n<meta name=\"twitter:card\" content=\"summary_large_image\" \/>\n<meta name=\"twitter:title\" content=\"Norway Omega-3 | Find Norwegian Pure Omega-3\" \/>\n<meta name=\"twitter:description\" content=\"The result of over 170 years of Norwegian Expertise in refining the purest &amp; richest natural cold water Omega-3 marine oils.\" \/>\n<meta name=\"twitter:site\" content=\"@NorwayOmega\" \/>\n<script type=\"application\/ld+json\" class=\"yoast-schema-graph\">{\"@context\":\"https:\/\/schema.org\",\"@graph\":[{\"@type\":\"WebPage\",\"@id\":\"https:\/\/ndemo.fgygraphics.com\/\",\"url\":\"https:\/\/ndemo.fgygraphics.com\/\",\"name\":\"Omega-3 Fish Oil & Antarctic Krill Oil | Norway Omega\",\"isPartOf\":{\"@id\":\"https:\/\/ndemo.fgygraphics.com\/#website\"},\"datePublished\":\"2023-04-16T16:32:01+00:00\",\"dateModified\":\"2024-08-03T20:50:33+00:00\",\"description\":\"The result of over 180 years of Norwegian expertise in refining the purest & richest sustainably sourced wild water omega-3 and Antarctic krill oils. Benefits skin, inflammation, weight loss, kids and cognitive performance\",\"breadcrumb\":{\"@id\":\"https:\/\/ndemo.fgygraphics.com\/#breadcrumb\"},\"inLanguage\":\"it-IT\",\"potentialAction\":[{\"@type\":\"ReadAction\",\"target\":[\"https:\/\/ndemo.fgygraphics.com\/\"]}]},{\"@type\":\"BreadcrumbList\",\"@id\":\"https:\/\/ndemo.fgygraphics.com\/#breadcrumb\",\"itemListElement\":[{\"@type\":\"ListItem\",\"position\":1,\"name\":\"Home\",\"item\":\"https:\/\/ndemo.fgygraphics.com\/\"},{\"@type\":\"ListItem\",\"position\":2,\"name\":\"AN EVOLUTION IN NORWEGIAN EXCELLENCE\"}]},{\"@type\":\"WebSite\",\"@id\":\"https:\/\/ndemo.fgygraphics.com\/#website\",\"url\":\"https:\/\/ndemo.fgygraphics.com\/\",\"name\":\"Norway Omega3\",\"description\":\"The Purest and Richest Natural Omega3\",\"publisher\":{\"@id\":\"https:\/\/ndemo.fgygraphics.com\/#organization\"},\"potentialAction\":[{\"@type\":\"SearchAction\",\"target\":{\"@type\":\"EntryPoint\",\"urlTemplate\":\"https:\/\/ndemo.fgygraphics.com\/?s={search_term_string}\"},\"query-input\":\"required name=search_term_string\"}],\"inLanguage\":\"it-IT\"},{\"@type\":\"Organization\",\"@id\":\"https:\/\/ndemo.fgygraphics.com\/#organization\",\"name\":\"Norway Omega Ltd\",\"url\":\"https:\/\/ndemo.fgygraphics.com\/\",\"logo\":{\"@type\":\"ImageObject\",\"inLanguage\":\"it-IT\",\"@id\":\"https:\/\/ndemo.fgygraphics.com\/#\/schema\/logo\/image\/\",\"url\":\"https:\/\/ndemo.fgygraphics.com\/wp-content\/uploads\/2017\/07\/Norway-omega-3-logo.svg\",\"contentUrl\":\"https:\/\/ndemo.fgygraphics.com\/wp-content\/uploads\/2017\/07\/Norway-omega-3-logo.svg\",\"width\":1,\"height\":1,\"caption\":\"Norway Omega Ltd\"},\"image\":{\"@id\":\"https:\/\/ndemo.fgygraphics.com\/#\/schema\/logo\/image\/\"},\"sameAs\":[\"https:\/\/www.facebook.com\/NORWAYOMEGA\/\",\"https:\/\/x.com\/NorwayOmega\",\"https:\/\/www.instagram.com\/omega3ofnorway\/\",\"https:\/\/www.linkedin.com\/company-beta\/8576295\/\"]}]}<\/script>\n<!-- \/ Yoast SEO plugin. -->","yoast_head_json":{"title":"Omega-3 Fish Oil & Antarctic Krill Oil |  | Norway Omega[:]","description":"[:en]The result of over 180 years of Norwegian expertise in refining the purest & richest sustainably sourced wild water omega-3 and Antarctic krill oils. Benefits skin, inflammation, weight loss, kids and cognitive performance[:pt]O resultado de mais de 180 anos de experi\u00eancia norueguesa na refina\u00e7\u00e3o dos mais puros e ricos \u00f3leos de \u00f3mega 3 de \u00e1guas selvagens e de krill ant\u00e1rtico, obtidos de forma sustent\u00e1vel. Benef\u00edcios para a pele, inflama\u00e7\u00e3o, perda de peso, crian\u00e7as e desempenho cognitivo[:]","robots":{"index":"index","follow":"follow","max-snippet":"max-snippet:-1","max-image-preview":"max-image-preview:large","max-video-preview":"max-video-preview:-1"},"canonical":"https:\/\/ndemo.fgygraphics.com\/","og_locale":"it_IT","og_type":"article","og_title":"[:en]Norway Omega-3 | Find Norwegian Pure Omega-3[:]","og_description":"[:en]The result of over 170 years of Norwegian Expertise in refining the purest & richest natural cold water Omega-3 marine oils.[:]","og_url":"https:\/\/ndemo.fgygraphics.com\/it\/","og_site_name":"Norway Omega3","article_publisher":"https:\/\/www.facebook.com\/NORWAYOMEGA\/","article_modified_time":"2024-08-03T20:50:33+00:00","twitter_card":"summary_large_image","twitter_title":"Norway Omega-3 | Find Norwegian Pure Omega-3","twitter_description":"The result of over 170 years of Norwegian Expertise in refining the purest & richest natural cold water Omega-3 marine oils.","twitter_site":"@NorwayOmega","schema":{"@context":"https:\/\/schema.org","@graph":[{"@type":"WebPage","@id":"https:\/\/ndemo.fgygraphics.com\/","url":"https:\/\/ndemo.fgygraphics.com\/","name":"Omega-3 Fish Oil & Antarctic Krill Oil | Norway Omega","isPartOf":{"@id":"https:\/\/ndemo.fgygraphics.com\/#website"},"datePublished":"2023-04-16T16:32:01+00:00","dateModified":"2024-08-03T20:50:33+00:00","description":"The result of over 180 years of Norwegian expertise in refining the purest & richest sustainably sourced wild water omega-3 and Antarctic krill oils. Benefits skin, inflammation, weight loss, kids and cognitive performance","breadcrumb":{"@id":"https:\/\/ndemo.fgygraphics.com\/#breadcrumb"},"inLanguage":"it-IT","potentialAction":[{"@type":"ReadAction","target":["https:\/\/ndemo.fgygraphics.com\/"]}]},{"@type":"BreadcrumbList","@id":"https:\/\/ndemo.fgygraphics.com\/#breadcrumb","itemListElement":[{"@type":"ListItem","position":1,"name":"Home","item":"https:\/\/ndemo.fgygraphics.com\/"},{"@type":"ListItem","position":2,"name":"AN EVOLUTION IN NORWEGIAN EXCELLENCE"}]},{"@type":"WebSite","@id":"https:\/\/ndemo.fgygraphics.com\/#website","url":"https:\/\/ndemo.fgygraphics.com\/","name":"Norway Omega3","description":"The Purest and Richest Natural Omega3","publisher":{"@id":"https:\/\/ndemo.fgygraphics.com\/#organization"},"potentialAction":[{"@type":"SearchAction","target":{"@type":"EntryPoint","urlTemplate":"https:\/\/ndemo.fgygraphics.com\/?s={search_term_string}"},"query-input":"required name=search_term_string"}],"inLanguage":"it-IT"},{"@type":"Organization","@id":"https:\/\/ndemo.fgygraphics.com\/#organization","name":"Norway Omega Ltd","url":"https:\/\/ndemo.fgygraphics.com\/","logo":{"@type":"ImageObject","inLanguage":"it-IT","@id":"https:\/\/ndemo.fgygraphics.com\/#\/schema\/logo\/image\/","url":"https:\/\/ndemo.fgygraphics.com\/wp-content\/uploads\/2017\/07\/Norway-omega-3-logo.svg","contentUrl":"https:\/\/ndemo.fgygraphics.com\/wp-content\/uploads\/2017\/07\/Norway-omega-3-logo.svg","width":1,"height":1,"caption":"Norway Omega Ltd"},"image":{"@id":"https:\/\/ndemo.fgygraphics.com\/#\/schema\/logo\/image\/"},"sameAs":["https:\/\/www.facebook.com\/NORWAYOMEGA\/","https:\/\/x.com\/NorwayOmega","https:\/\/www.instagram.com\/omega3ofnorway\/","https:\/\/www.linkedin.com\/company-beta\/8576295\/"]}]}},"_links":{"self":[{"href":"https:\/\/ndemo.fgygraphics.com\/it\/wp-json\/wp\/v2\/pages\/13569","targetHints":{"allow":["GET"]}}],"collection":[{"href":"https:\/\/ndemo.fgygraphics.com\/it\/wp-json\/wp\/v2\/pages"}],"about":[{"href":"https:\/\/ndemo.fgygraphics.com\/it\/wp-json\/wp\/v2\/types\/page"}],"author":[{"embeddable":true,"href":"https:\/\/ndemo.fgygraphics.com\/it\/wp-json\/wp\/v2\/users\/6"}],"replies":[{"embeddable":true,"href":"https:\/\/ndemo.fgygraphics.com\/it\/wp-json\/wp\/v2\/comments?post=13569"}],"version-history":[{"count":16,"href":"https:\/\/ndemo.fgygraphics.com\/it\/wp-json\/wp\/v2\/pages\/13569\/revisions"}],"predecessor-version":[{"id":16455,"href":"https:\/\/ndemo.fgygraphics.com\/it\/wp-json\/wp\/v2\/pages\/13569\/revisions\/16455"}],"wp:attachment":[{"href":"https:\/\/ndemo.fgygraphics.com\/it\/wp-json\/wp\/v2\/media?parent=13569"}],"curies":[{"name":"wp","href":"https:\/\/api.w.org\/{rel}","templated":true}]}}